{"id":1746,"date":"2022-06-14T16:13:59","date_gmt":"2022-06-14T14:13:59","guid":{"rendered":"https:\/\/estrog100.com\/fachinformationen"},"modified":"2023-01-06T11:09:25","modified_gmt":"2023-01-06T10:09:25","slug":"information-des-specialistes","status":"publish","type":"page","link":"https:\/\/estrog100.com\/fr\/information-des-specialistes","title":{"rendered":"Informations des sp\u00e9cialistes"},"content":{"rendered":"\n      <div id=\"block_ee5f222902a104c87c44b079b4aa04b4\" class=\"block-hero bg-beige relative alignfull  l-block\" >\n  \n  \n<div class=\"l-wrap\">\n  <div class=\"max-w-md sm:max-w-none sm:w-[45%] py-8 sm:py-15 md:py-25 lg:pt-46 lg:pb-40\">\n    <h1 class=\"c-title c-title--xlarge mt-0\">Informations des sp\u00e9cialistes<\/h1>\n    <div class=\"text-size-xlarge p-reset\">\n      <p>Nous serons heureux de vous envoyer d&rsquo;autres informations destin\u00e9es aux professionnels de sant\u00e9 et aux partenaires internationaux de la distribution.<\/p>\n    <\/div>\n  <\/div>\n<\/div>\n\n<div class=\"relative sm:absolute sm:right-0 sm:top-0 sm:w-[44%] h-[150px] xs:h-[175px] sm:h-full\">\n  <img decoding=\"async\" width=\"1690\" height=\"1066\" src=\"https:\/\/estrog100.com\/wp-content\/uploads\/2022\/06\/book.jpg\" class=\"absolute w-full h-full object-cover z-20 skip-lazy\" alt=\"\" srcset=\"https:\/\/estrog100.com\/wp-content\/uploads\/2022\/06\/book.jpg 1690w, https:\/\/estrog100.com\/wp-content\/uploads\/2022\/06\/book-300x189.jpg 300w, https:\/\/estrog100.com\/wp-content\/uploads\/2022\/06\/book-1024x646.jpg 1024w, https:\/\/estrog100.com\/wp-content\/uploads\/2022\/06\/book-768x484.jpg 768w, https:\/\/estrog100.com\/wp-content\/uploads\/2022\/06\/book-1536x969.jpg 1536w\" sizes=\"(max-width: 1690px) 100vw, 1690px\" \/>\n      <div class=\"bg-brand-alt absolute opacity-75 w-full h-full z-30 mix-blend-multiply\"><\/div>\n  <\/div>\n\n\n\n<\/div>\n\n\n      <div id=\"block_8a332ea5a9e0c48fe3461baa7e2e0cc4\" class=\"block-contact-form py-10 sm:pt-16 lg:pt-23 sm:pb-22 lg:pb-33  l-block\" >\n  \n  \n<div class=\"sm:flex\">\n\n  <div class=\"flex-none sm:w-2\/3 lg:w-[670px] xl:w-[829px]\">\n    <!-- HTML Forms v1.6.4 - https:\/\/wordpress.org\/plugins\/html-forms\/ -->\n<form method=\"post\"  class=\"hf-form hf-form-1986 \" data-id=\"1986\" data-title=\"Informations des sp\u00e9cialistes\" data-slug=\"informations-des-specialistes\" data-message-success=\"Merci ! Nous vous contacterons bient\u00f4t.\" data-message-invalid-email=\"D\u00e9sol\u00e9, cette adresse e-mail semble invalide.\" data-message-required-field-missing=\"Veuillez remplir les champs obligatoires.\" data-message-error=\"Oups. Une erreur s&#039;est produite.\" data-message-recaptcha-failed=\"reCAPTCHA verification failed. Please try again.\" data-message-recaptcha-low-score=\"Your submission appears to be spam. Please try again.\"><input type=\"hidden\" name=\"_hf_form_id\" value=\"1986\" \/><div style=\"display: none;\"><input type=\"text\" name=\"_hf_h1986\" value=\"\" \/><\/div><div class=\"hf-fields-wrap\"><h2 class=\"c-title mb-2\">Veuillez m&rsquo;envoyer les informations sp\u00e9cialis\u00e9es suivantes :<\/h2>\r\n<div class=\"text-12 mb-9 tracking-wider\">*Champs obligatoires<\/div>\r\n<div class=\"border-t border-b py-4 lg:py-7 mb-5 lg:mb-8\">\r\n  <label class=\"flex justify-between items-center bg-beige py-4 px-5 font-bold text-19\">\r\n    <span>\u00c9tudes cliniques sur l&rsquo;EstroG-100\u00ae<\/span>\r\n    <input type=\"radio\" name=\"PACKAGE\" value=\"\u00c9tudes cliniques sur l'EstroG-100\u00ae\" checked=\"checked\">\r\n  <\/label>\r\n<\/div>\r\n\r\n<div class=\"form-cols-alt\">\r\n  <div class=\"sm:pt-8\">\r\n    <label class=\"flex sm:inline-flex items-center mb-2 sm:mb-0 mr-5\">\r\n      <input type=\"radio\" name=\"GENDER\" value=\"MME\" checked> \r\n      <span class=\"text-13 font-bold uppercase pl-2 tracking-wider\">MME<\/span>\r\n    <\/label>\r\n    <label class=\"flex sm:inline-flex items-center mb-2 sm:mb-0 mr-5\">\r\n      <input type=\"radio\" name=\"GENDER\" value=\"MR\"> \r\n      <span class=\"text-13 font-bold uppercase pl-2 tracking-wider\">MR<\/span>\r\n    <\/label>\r\n    <label class=\"flex sm:inline-flex items-center mb-4 sm:mb-0\">\r\n      <input type=\"radio\" name=\"GENDER\" value=\"AUTRE\"> \r\n      <span class=\"text-13 font-bold uppercase pl-2 tracking-wider\">AUTRE<\/span>\r\n    <\/label>\r\n  <\/div>\r\n\r\n  <div>\r\n    <label class=\"top-label\" for=\"fachinformationen-ICH_BIN\">JE SUIS*<\/label>\r\n    <select name=\"ICH_BIN\" required=\"\" id=\"fachinformationen-ICH_BIN\"><option>M\u00e9decin<\/option><option>Pharmacien<\/option><option>Association de patients<\/option><option>Distributeur<\/option><option>Profession param\u00e9dicale<\/option><option>Autre<\/option><\/select>\r\n  <\/div>\r\n<\/div>\r\n\r\n<div class=\"form-cols\">\r\n  <div class=\"relative\">\r\n    <label class=\"top-label\" for=\"fachinformationen-VORNAME\">PR\u00c9NOM*<\/label>\r\n    <label class=\"in-label\" for=\"fachinformationen-VORNAME\">Pr\u00e9nom<\/label>\r\n    <input type=\"text\" name=\"VORNAME\" required=\"\" id=\"fachinformationen-VORNAME\">\r\n  <\/div>\r\n\r\n  <div class=\"relative\">\r\n    <label class=\"top-label\" for=\"fachinformationen-NACHNAME\">NOM*<\/label>\r\n    <label class=\"in-label\" for=\"fachinformationen-NACHNAME\">Nom<\/label>\r\n    <input type=\"text\" name=\"NACHNAME\" required=\"\" id=\"fachinformationen-NACHNAME\">\r\n  <\/div>\r\n<\/div>\r\n\r\n<div class=\"form-cols\">\r\n  <div class=\"relative\">\r\n    <label class=\"top-label\" for=\"fachinformationen-EMAIL\">EMAIL*<\/label>\r\n    <label class=\"in-label\" for=\"fachinformationen-EMAIL\">Email<\/label>\r\n    <input type=\"email\" name=\"EMAIL\" required=\"\" id=\"fachinformationen-EMAIL\">\r\n  <\/div>\r\n\r\n  <div class=\"relative\">\r\n    <label class=\"top-label\" for=\"fachinformationen-TELEFON\">T\u00c9L\u00c9PHONE<\/label>\r\n    <label class=\"in-label\" for=\"fachinformationen-TELEFON\">T\u00e9l\u00e9phone<\/label>\r\n    <input type=\"text\" name=\"TELEFON\" id=\"fachinformationen-TELEFON\">\r\n  <\/div>\r\n<\/div>\r\n\r\n<div class=\"form-cols\">\r\n  <div class=\"relative\">\r\n    <label class=\"top-label\" for=\"fachinformationen-STRASSE\">RUE<\/label>\r\n    <label class=\"in-label\" for=\"fachinformationen-STRASSE\">Num\u00e9ro de rue, Rue<\/label>\r\n    <input type=\"text\" name=\"STRASSE\" id=\"fachinformationen-STRASSE\">\r\n  <\/div>\r\n\r\n  <div class=\"relative\">\r\n    <label class=\"top-label\" for=\"fachinformationen-PLZ_ORT\">CODE POSTAL, VILLE<\/label>\r\n    <label class=\"in-label\" for=\"fachinformationen-PLZ_ORT\">Code postal, Ville<\/label>\r\n    <input type=\"text\" name=\"PLZ_ORT\" id=\"fachinformationen-PLZ_ORT\">\r\n  <\/div>\r\n<\/div>\r\n\r\n<div class=\"relative\">\r\n  <label class=\"top-label\" for=\"fachinformationen-IHRE_NACHRICHT\">VOTRE MESSAGE<\/label>\r\n  <label class=\"in-label in-label--for-textarea\" for=\"fachinformationen-IHRE_NACHRICHT\">Votre message<\/label>\r\n  <textarea name=\"IHRE_NACHRICHT\" id=\"fachinformationen-IHRE_NACHRICHT\"><\/textarea>\r\n<\/div>\r\n\r\n<div class=\"mt-7 lg:flex\">\r\n  <label class=\"text-12 flex mb-6 lg:mb-0\">\r\n    <span class=\"flex-none mt-1 mr-4 lg:mr-6\">\r\n      <input required=\"\" type=\"checkbox\" name=\"ACCEPTANCE[]\" value=\"Oui\"> \r\n    <\/span>\r\n\r\n    <span class=\"leading-1.8\">J&rsquo;accepte que les donn\u00e9es figurant dans ce formulaire de contact soient collect\u00e9es et trait\u00e9es afin de r\u00e9pondre \u00e0 ma demande. Ces donn\u00e9es seront supprim\u00e9es apr\u00e8s le traitement de votre demande. NB : Vous pouvez r\u00e9voquer votre consentement \u00e0 tout moment en envoyant un courriel \u00e0 <a href=\"mailto:info@estrog100.com\">info@estrog100.com<\/a>. Vous trouverez des informations d\u00e9taill\u00e9es sur le traitement des donn\u00e9es des utilisateurs dans notre <a href=\"https:\/\/estrog100.com\/fr\/politique-de-confidentialite\">politique de confidentialit\u00e9<\/a>.<\/span>\r\n  <\/label>\r\n  <div class=\"flex justify-center lg:block flex-none lg:ml-10\">\r\n    <button class=\"c-btn c-btn--in-form mt-1\" type=\"submit\">ENVOYER<\/button>\r\n  <\/div>\r\n<\/div> <noscript>Please enable JavaScript for this form to work.<\/noscript><\/div><\/form><!-- \/ HTML Forms -->  <\/div>\n\n  <div class=\"sm:pl-2 lg:pl-20 pt-4 sm:pt-14 flex items-center justify-center\">\n    <noscript><img decoding=\"async\" width=\"1050\" height=\"1388\" src=\"https:\/\/estrog100.com\/wp-content\/uploads\/2022\/06\/fachinformationen.jpg\" class=\"max-w-lg sm:max-w-full\" alt srcset=\"https:\/\/estrog100.com\/wp-content\/uploads\/2022\/06\/fachinformationen.jpg 1050w, https:\/\/estrog100.com\/wp-content\/uploads\/2022\/06\/fachinformationen-227x300.jpg 227w, https:\/\/estrog100.com\/wp-content\/uploads\/2022\/06\/fachinformationen-775x1024.jpg 775w, https:\/\/estrog100.com\/wp-content\/uploads\/2022\/06\/fachinformationen-768x1015.jpg 768w\" sizes=\"(max-width: 1050px) 100vw, 1050px\"><\/noscript><img decoding=\"async\" width=\"1050\" height=\"1388\" src=\"data:image\/svg+xml,%3Csvg%20xmlns%3D%22http%3A%2F%2Fwww.w3.org%2F2000%2Fsvg%22%20viewBox%3D%220%200%201050%201388%22%3E%3C%2Fsvg%3E\" class=\"max-w-lg sm:max-w-full lazyload\" alt srcset=\"data:image\/svg+xml,%3Csvg%20xmlns%3D%22http%3A%2F%2Fwww.w3.org%2F2000%2Fsvg%22%20viewBox%3D%220%200%201050%201388%22%3E%3C%2Fsvg%3E 1050w\" sizes=\"(max-width: 1050px) 100vw, 1050px\" data-srcset=\"https:\/\/estrog100.com\/wp-content\/uploads\/2022\/06\/fachinformationen.jpg 1050w, https:\/\/estrog100.com\/wp-content\/uploads\/2022\/06\/fachinformationen-227x300.jpg 227w, https:\/\/estrog100.com\/wp-content\/uploads\/2022\/06\/fachinformationen-775x1024.jpg 775w, https:\/\/estrog100.com\/wp-content\/uploads\/2022\/06\/fachinformationen-768x1015.jpg 768w\" data-src=\"https:\/\/estrog100.com\/wp-content\/uploads\/2022\/06\/fachinformationen.jpg\">  <\/div>\n  \n<\/div>\n\n<\/div>","protected":false},"excerpt":{"rendered":"","protected":false},"author":1,"featured_media":0,"parent":0,"menu_order":0,"comment_status":"closed","ping_status":"closed","template":"","meta":{"_acf_changed":false,"footnotes":""},"class_list":["post-1746","page","type-page","status-publish",""],"acf":[],"yoast_head":"<!-- This site is optimized with the Yoast SEO plugin v27.2 - https:\/\/yoast.com\/product\/yoast-seo-wordpress\/ -->\n<title>Demandez des informations techniques - EstroG-100\u00ae<\/title>\n<meta name=\"description\" content=\"Nous serons heureux de vous envoyer de plus amples informations pour les professionnels de la sant\u00e9 et les partenaires de distribution internationaux.\" \/>\n<meta name=\"robots\" content=\"index, follow, max-snippet:-1, max-image-preview:large, max-video-preview:-1\" \/>\n<link rel=\"canonical\" href=\"https:\/\/estrog100.com\/fr\/information-des-specialistes\" \/>\n<meta property=\"og:locale\" content=\"fr_FR\" \/>\n<meta property=\"og:type\" content=\"article\" \/>\n<meta property=\"og:title\" content=\"Demandez des informations techniques - EstroG-100\u00ae\" \/>\n<meta property=\"og:description\" content=\"Nous serons heureux de vous envoyer de plus amples informations pour les professionnels de la sant\u00e9 et les partenaires de distribution internationaux.\" \/>\n<meta property=\"og:url\" content=\"https:\/\/estrog100.com\/fr\/information-des-specialistes\" \/>\n<meta property=\"og:site_name\" content=\"EstroG-100\" \/>\n<meta property=\"article:modified_time\" content=\"2023-01-06T10:09:25+00:00\" \/>\n<meta property=\"og:image\" content=\"https:\/\/estrog100.com\/wp-content\/uploads\/2022\/07\/OG.png\" \/>\n\t<meta property=\"og:image:width\" content=\"1200\" \/>\n\t<meta property=\"og:image:height\" content=\"630\" \/>\n\t<meta property=\"og:image:type\" content=\"image\/png\" \/>\n<meta name=\"twitter:card\" content=\"summary_large_image\" \/>\n<script type=\"application\/ld+json\" class=\"yoast-schema-graph\">{\"@context\":\"https:\/\/schema.org\",\"@graph\":[{\"@type\":\"WebPage\",\"@id\":\"https:\/\/estrog100.com\/fr\/information-des-specialistes\",\"url\":\"https:\/\/estrog100.com\/fr\/information-des-specialistes\",\"name\":\"Demandez des informations techniques - EstroG-100\u00ae\",\"isPartOf\":{\"@id\":\"https:\/\/estrog100.com\/fr#website\"},\"datePublished\":\"2022-06-14T14:13:59+00:00\",\"dateModified\":\"2023-01-06T10:09:25+00:00\",\"description\":\"Nous serons heureux de vous envoyer de plus amples informations pour les professionnels de la sant\u00e9 et les partenaires de distribution internationaux.\",\"breadcrumb\":{\"@id\":\"https:\/\/estrog100.com\/fr\/information-des-specialistes#breadcrumb\"},\"inLanguage\":\"fr-FR\",\"potentialAction\":[{\"@type\":\"ReadAction\",\"target\":[\"https:\/\/estrog100.com\/fr\/information-des-specialistes\"]}]},{\"@type\":\"BreadcrumbList\",\"@id\":\"https:\/\/estrog100.com\/fr\/information-des-specialistes#breadcrumb\",\"itemListElement\":[{\"@type\":\"ListItem\",\"position\":1,\"name\":\"Home\",\"item\":\"https:\/\/estrog100.com\/fr\"},{\"@type\":\"ListItem\",\"position\":2,\"name\":\"Informations des sp\u00e9cialistes\"}]},{\"@type\":\"WebSite\",\"@id\":\"https:\/\/estrog100.com\/fr#website\",\"url\":\"https:\/\/estrog100.com\/fr\",\"name\":\"EstroG-100\",\"description\":\"Natural menopause\",\"potentialAction\":[{\"@type\":\"SearchAction\",\"target\":{\"@type\":\"EntryPoint\",\"urlTemplate\":\"https:\/\/estrog100.com\/fr?s={search_term_string}\"},\"query-input\":{\"@type\":\"PropertyValueSpecification\",\"valueRequired\":true,\"valueName\":\"search_term_string\"}}],\"inLanguage\":\"fr-FR\"}]}<\/script>\n<!-- \/ Yoast SEO plugin. -->","yoast_head_json":{"title":"Demandez des informations techniques - EstroG-100\u00ae","description":"Nous serons heureux de vous envoyer de plus amples informations pour les professionnels de la sant\u00e9 et les partenaires de distribution internationaux.","robots":{"index":"index","follow":"follow","max-snippet":"max-snippet:-1","max-image-preview":"max-image-preview:large","max-video-preview":"max-video-preview:-1"},"canonical":"https:\/\/estrog100.com\/fr\/information-des-specialistes","og_locale":"fr_FR","og_type":"article","og_title":"Demandez des informations techniques - EstroG-100\u00ae","og_description":"Nous serons heureux de vous envoyer de plus amples informations pour les professionnels de la sant\u00e9 et les partenaires de distribution internationaux.","og_url":"https:\/\/estrog100.com\/fr\/information-des-specialistes","og_site_name":"EstroG-100","article_modified_time":"2023-01-06T10:09:25+00:00","og_image":[{"width":1200,"height":630,"url":"https:\/\/estrog100.com\/wp-content\/uploads\/2022\/07\/OG.png","type":"image\/png"}],"twitter_card":"summary_large_image","schema":{"@context":"https:\/\/schema.org","@graph":[{"@type":"WebPage","@id":"https:\/\/estrog100.com\/fr\/information-des-specialistes","url":"https:\/\/estrog100.com\/fr\/information-des-specialistes","name":"Demandez des informations techniques - EstroG-100\u00ae","isPartOf":{"@id":"https:\/\/estrog100.com\/fr#website"},"datePublished":"2022-06-14T14:13:59+00:00","dateModified":"2023-01-06T10:09:25+00:00","description":"Nous serons heureux de vous envoyer de plus amples informations pour les professionnels de la sant\u00e9 et les partenaires de distribution internationaux.","breadcrumb":{"@id":"https:\/\/estrog100.com\/fr\/information-des-specialistes#breadcrumb"},"inLanguage":"fr-FR","potentialAction":[{"@type":"ReadAction","target":["https:\/\/estrog100.com\/fr\/information-des-specialistes"]}]},{"@type":"BreadcrumbList","@id":"https:\/\/estrog100.com\/fr\/information-des-specialistes#breadcrumb","itemListElement":[{"@type":"ListItem","position":1,"name":"Home","item":"https:\/\/estrog100.com\/fr"},{"@type":"ListItem","position":2,"name":"Informations des sp\u00e9cialistes"}]},{"@type":"WebSite","@id":"https:\/\/estrog100.com\/fr#website","url":"https:\/\/estrog100.com\/fr","name":"EstroG-100","description":"Natural menopause","potentialAction":[{"@type":"SearchAction","target":{"@type":"EntryPoint","urlTemplate":"https:\/\/estrog100.com\/fr?s={search_term_string}"},"query-input":{"@type":"PropertyValueSpecification","valueRequired":true,"valueName":"search_term_string"}}],"inLanguage":"fr-FR"}]}},"_links":{"self":[{"href":"https:\/\/estrog100.com\/fr\/wp-json\/wp\/v2\/pages\/1746","targetHints":{"allow":["GET"]}}],"collection":[{"href":"https:\/\/estrog100.com\/fr\/wp-json\/wp\/v2\/pages"}],"about":[{"href":"https:\/\/estrog100.com\/fr\/wp-json\/wp\/v2\/types\/page"}],"author":[{"embeddable":true,"href":"https:\/\/estrog100.com\/fr\/wp-json\/wp\/v2\/users\/1"}],"replies":[{"embeddable":true,"href":"https:\/\/estrog100.com\/fr\/wp-json\/wp\/v2\/comments?post=1746"}],"version-history":[{"count":7,"href":"https:\/\/estrog100.com\/fr\/wp-json\/wp\/v2\/pages\/1746\/revisions"}],"predecessor-version":[{"id":1996,"href":"https:\/\/estrog100.com\/fr\/wp-json\/wp\/v2\/pages\/1746\/revisions\/1996"}],"wp:attachment":[{"href":"https:\/\/estrog100.com\/fr\/wp-json\/wp\/v2\/media?parent=1746"}],"curies":[{"name":"wp","href":"https:\/\/api.w.org\/{rel}","templated":true}]}}