{"id":1728,"date":"2022-06-14T16:13:02","date_gmt":"2022-06-14T14:13:02","guid":{"rendered":"https:\/\/estrog100.com\/impressum"},"modified":"2023-01-06T11:10:46","modified_gmt":"2023-01-06T10:10:46","slug":"mentions-legales","status":"publish","type":"page","link":"https:\/\/estrog100.com\/fr\/mentions-legales","title":{"rendered":"Mentions l\u00e9gales"},"content":{"rendered":"\n      <h1 id=\"block_78637a38a80687720e26094eef1f2254\" class=\"c-title c-title--large text-header reset-typographytext-left l-block\" >\n  \n  \n\nMentions l\u00e9gales\n\n<\/h1><style>#block_78637a38a80687720e26094eef1f2254 { padding-top: 48px;  } @media (min-width: 768px) { #block_78637a38a80687720e26094eef1f2254 { padding-top: 72px;  }} @media (min-width: 992px) { #block_78637a38a80687720e26094eef1f2254 { padding-top: 96px;  }} @media (min-width: 1200px) { #block_78637a38a80687720e26094eef1f2254 { padding-top: 108px;  }} @media (min-width: 1500px) { #block_78637a38a80687720e26094eef1f2254 { padding-top: 120px;  }} <\/style>\n\n<style>#kt-layout-id_2723ab-71 > .kt-row-column-wrap{align-content:start;}:where(#kt-layout-id_2723ab-71 > .kt-row-column-wrap) > .wp-block-kadence-column{justify-content:start;}#kt-layout-id_2723ab-71 > .kt-row-column-wrap{column-gap:var(--global-kb-gap-lg, 4rem);row-gap:var(--global-kb-gap-md, 2rem);padding-top:var( --global-kb-row-default-top, 25px );padding-bottom:var( --global-kb-row-default-bottom, 25px );padding-bottom:80px;grid-template-columns:minmax(0, 1fr) minmax(0, 2fr);}#kt-layout-id_2723ab-71 > .kt-row-layout-overlay{opacity:0.30;}@media all and (max-width: 1024px){#kt-layout-id_2723ab-71 > .kt-row-column-wrap{grid-template-columns:repeat(2, minmax(0, 1fr));}}@media all and (max-width: 767px){#kt-layout-id_2723ab-71 > .kt-row-column-wrap{grid-template-columns:minmax(0, 1fr);}}<\/style>\n<div class=\"wp-block-kadence-rowlayout alignnone\"><div id=\"kt-layout-id_2723ab-71\" class=\"kt-row-layout-inner kt-layout-id_2723ab-71\"><div class=\"kt-row-column-wrap kt-has-2-columns kt-gutter-wider kt-v-gutter-default kt-row-valign-top kt-row-layout-right-golden kt-tab-layout-equal kt-m-colapse-left-to-right kt-mobile-layout-row\"><style>.kadence-column_44a23e-c5 > .kt-inside-inner-col{border-top-width:0px;border-right-width:0px;border-bottom-width:0px;border-left-width:0px;}.kadence-column_44a23e-c5 > .kt-inside-inner-col,.kadence-column_44a23e-c5 > .kt-inside-inner-col:before{border-top-left-radius:0px;border-top-right-radius:0px;border-bottom-right-radius:0px;border-bottom-left-radius:0px;}.kadence-column_44a23e-c5 > .kt-inside-inner-col{column-gap:var(--global-kb-gap-sm, 1rem);}.kadence-column_44a23e-c5 > .kt-inside-inner-col{flex-direction:column;}.kadence-column_44a23e-c5 > .kt-inside-inner-col > .aligncenter{width:100%;}.kadence-column_44a23e-c5 > .kt-inside-inner-col:before{opacity:0.3;}.kadence-column_44a23e-c5{position:relative;}@media all and (max-width: 1024px){.kadence-column_44a23e-c5 > .kt-inside-inner-col{flex-direction:column;justify-content:center;}}@media all and (max-width: 767px){.kadence-column_44a23e-c5 > .kt-inside-inner-col{flex-direction:column;justify-content:center;}}<\/style>\n<div class=\"wp-block-kadence-column inner-column-1 kadence-column_44a23e-c5\"><div class=\"kt-inside-inner-col\">\n      <div id=\"block_6962b97bd531525522c02d78d1324d19\" class=\"text-size-default text-white l-block\" >\n  \n  \n\n<p><strong>Phytolife Nutrition GmbH<\/strong><br \/>\nWinsstrasse 59, 10405 Berlin, Allemagne<\/p>\n<p>&nbsp;<\/p>\n<p><strong>Repr\u00e9sent\u00e9 par<\/strong><br \/>\nPatrick Schmick, Morris Hille<\/p>\n<p>&nbsp;<\/p>\n<p><strong>Contact<\/strong><br \/>\nT\u00e9l\u00e9phone: <a class=\"no-underline text-white\" href=\"tel:+4930509324490\">+49 30 509 32 44 90<\/a><br \/>\nT\u00e9l\u00e9fax: +49 30 85974061<br \/>\nEmail: <a class=\"no-underline text-white\" href=\"mailto:hello@menoelle.com\">hello@menoelle.com<\/a><\/p>\n<p>&nbsp;<\/p>\n<p><strong>Entr\u00e9e au registre<\/strong><br \/>\nInscription au registre du commerce<br \/>\nTribunal d&rsquo;enregistrement: Amtsgericht Berlin<br \/>\nNum\u00e9ro d&rsquo;enregistrement: HRB 191624 B<\/p>\n<p>&nbsp;<\/p>\n<p><strong>ID de la TVA<\/strong><br \/>\nNum\u00e9ro d&rsquo;identification de la taxe sur le chiffre d&rsquo;affaires conform\u00e9ment au \u00a727 a Loi sur la TVA:<br \/>\nDE 319210446<\/p>\n\n\n<\/div><style>#block_6962b97bd531525522c02d78d1324d19 { padding-top: 16px; padding-right: 10px; padding-bottom: 20px; padding-left: 10px; background-color: #0c5307;  } @media (min-width: 768px) { #block_6962b97bd531525522c02d78d1324d19 { padding-top: 24px; padding-right: 15px; padding-bottom: 30px; padding-left: 15px;  }} @media (min-width: 992px) { #block_6962b97bd531525522c02d78d1324d19 { padding-top: 32px; padding-right: 20px; padding-bottom: 40px; padding-left: 20px;  }} @media (min-width: 1200px) { #block_6962b97bd531525522c02d78d1324d19 { padding-top: 36px; padding-right: 22.5px; padding-bottom: 45px; padding-left: 22.5px;  }} @media (min-width: 1500px) { #block_6962b97bd531525522c02d78d1324d19 { padding-top: 40px; padding-right: 25px; padding-bottom: 50px; padding-left: 25px;  }} <\/style><\/div><\/div>\n\n\n<style>.kadence-column_c19dc2-b7 > .kt-inside-inner-col{border-top-width:0px;border-right-width:0px;border-bottom-width:0px;border-left-width:0px;}.kadence-column_c19dc2-b7 > .kt-inside-inner-col,.kadence-column_c19dc2-b7 > .kt-inside-inner-col:before{border-top-left-radius:0px;border-top-right-radius:0px;border-bottom-right-radius:0px;border-bottom-left-radius:0px;}.kadence-column_c19dc2-b7 > .kt-inside-inner-col{column-gap:var(--global-kb-gap-sm, 1rem);}.kadence-column_c19dc2-b7 > .kt-inside-inner-col{flex-direction:column;}.kadence-column_c19dc2-b7 > .kt-inside-inner-col > .aligncenter{width:100%;}.kadence-column_c19dc2-b7 > .kt-inside-inner-col:before{opacity:0.3;}.kadence-column_c19dc2-b7{position:relative;}@media all and (max-width: 1024px){.kadence-column_c19dc2-b7 > .kt-inside-inner-col{flex-direction:column;justify-content:center;}}@media all and (max-width: 767px){.kadence-column_c19dc2-b7 > .kt-inside-inner-col{flex-direction:column;justify-content:center;}}<\/style>\n<div class=\"wp-block-kadence-column inner-column-2 kadence-column_c19dc2-b7\"><div class=\"kt-inside-inner-col\">\n      <h2 id=\"block_041d79da1577073200b9c6f3e5533b31\" class=\"c-title c-title--xsmall text-header reset-typographytext-left l-block\" >\n  \n  \n\nResponsabilit\u00e9 des contenus\n\n<\/h2>\n\n\n      <div id=\"block_38249660cd621a97d778fbdf768173e9\" class=\"text-size-default text-base l-block\" >\n  \n  \n\n<p>En tant que prestataire de services, nous sommes responsables de nos propres contenus sur ces pages conform\u00e9ment aux lois g\u00e9n\u00e9rales en vertu du \u00a7 7 (1) de la loi allemande sur les t\u00e9l\u00e9services (TMG). Toutefois, conform\u00e9ment aux articles 8 \u00e0 10 de la TMG, nous ne sommes pas tenus, en tant que prestataire de services, de surveiller les informations transmises ou stock\u00e9es par des tiers ou d&rsquo;enqu\u00eater sur des circonstances qui indiquent une activit\u00e9 ill\u00e9gale.<\/p>\n<p>Les obligations de suppression ou de blocage de l&rsquo;utilisation des informations conform\u00e9ment aux lois g\u00e9n\u00e9rales n&rsquo;en sont pas affect\u00e9es. Cependant, une responsabilit\u00e9 \u00e0 cet \u00e9gard n&rsquo;est possible qu&rsquo;\u00e0 partir du moment o\u00f9 une infraction sp\u00e9cifique \u00e0 la loi est connue. Si nous avons connaissance de telles infractions, nous supprimerons imm\u00e9diatement les contenus concern\u00e9s.<\/p>\n\n\n<\/div><style>#block_38249660cd621a97d778fbdf768173e9 { padding-bottom: 8px;  } @media (min-width: 768px) { #block_38249660cd621a97d778fbdf768173e9 { padding-bottom: 12px;  }} @media (min-width: 992px) { #block_38249660cd621a97d778fbdf768173e9 { padding-bottom: 16px;  }} @media (min-width: 1200px) { #block_38249660cd621a97d778fbdf768173e9 { padding-bottom: 18px;  }} @media (min-width: 1500px) { #block_38249660cd621a97d778fbdf768173e9 { padding-bottom: 20px;  }} <\/style>\n\n\n      <h2 id=\"block_033a97ec053f7385c7ae9a93475f3c05\" class=\"c-title c-title--xsmall text-header reset-typographytext-left l-block\" >\n  \n  \n\nResponsabilit\u00e9 pour les liens\n\n<\/h2>\n\n\n      <div id=\"block_55c7b639c78d4c2fd11c615aff096c50\" class=\"text-size-default text-base l-block\" >\n  \n  \n\n<p>Notre site web contient des liens vers des sites web externes de tiers pour lesquels nous n&rsquo;avons aucune influence sur le contenu. Nous ne pouvons donc assumer aucune responsabilit\u00e9 pour ces contenus externes. Le fournisseur ou l&rsquo;exploitant respectif de ces sites est toujours responsable du contenu des sites li\u00e9s. Les sites li\u00e9s ont \u00e9t\u00e9 contr\u00f4l\u00e9s au moment de l&rsquo;\u00e9tablissement du lien quant \u00e0 d&rsquo;\u00e9ventuelles violations de la loi. Aucun contenu ill\u00e9gal n&rsquo;a pu \u00eatre trouv\u00e9 au moment de la cr\u00e9ation du lien.<\/p>\n<p>Toutefois, un contr\u00f4le permanent du contenu des sites li\u00e9s n&rsquo;est pas raisonnable sans indication concr\u00e8te d&rsquo;une violation de la loi. Si nous prenons connaissance d&rsquo;infractions \u00e0 la loi, nous supprimerons imm\u00e9diatement ces liens.<\/p>\n\n\n<\/div><style>#block_55c7b639c78d4c2fd11c615aff096c50 { padding-bottom: 8px;  } @media (min-width: 768px) { #block_55c7b639c78d4c2fd11c615aff096c50 { padding-bottom: 12px;  }} @media (min-width: 992px) { #block_55c7b639c78d4c2fd11c615aff096c50 { padding-bottom: 16px;  }} @media (min-width: 1200px) { #block_55c7b639c78d4c2fd11c615aff096c50 { padding-bottom: 18px;  }} @media (min-width: 1500px) { #block_55c7b639c78d4c2fd11c615aff096c50 { padding-bottom: 20px;  }} <\/style>\n\n\n      <h2 id=\"block_01814ad23cad12654c2f2170071da4dd\" class=\"c-title c-title--xsmall text-header reset-typographytext-left l-block\" >\n  \n  \n\nDroits d&rsquo;auteur\n\n<\/h2>\n\n\n      <div id=\"block_50f26263158046304c1b924a00c20d4b\" class=\"text-size-default text-base l-block\" >\n  \n  \n\n<p>Les contenus et les \u0153uvres de ces sites cr\u00e9\u00e9s par les exploitants des sites sont soumis \u00e0 la l\u00e9gislation allemande sur le droit d&rsquo;auteur. La duplication, le traitement, la distribution et toute forme d&rsquo;exploitation en dehors des limites du droit d&rsquo;auteur n\u00e9cessitent l&rsquo;accord \u00e9crit de l&rsquo;auteur ou du cr\u00e9ateur respectif. Les t\u00e9l\u00e9chargements et copies de ce site ne sont autoris\u00e9s que pour un usage priv\u00e9 et non commercial. <\/p>\n<p>Dans la mesure o\u00f9 le contenu de ce site n&rsquo;a pas \u00e9t\u00e9 cr\u00e9\u00e9 par l&rsquo;exploitant, les droits d&rsquo;auteur de tiers sont respect\u00e9s. En particulier, les contenus de tiers sont marqu\u00e9s comme tels. Si vous deviez n\u00e9anmoins avoir connaissance d&rsquo;une violation des droits d&rsquo;auteur, veuillez nous en informer. Si nous avons connaissance d&rsquo;infractions, nous supprimerons imm\u00e9diatement ces contenus.<\/p>\n\n\n<\/div><style>#block_50f26263158046304c1b924a00c20d4b { padding-bottom: 8px;  } @media (min-width: 768px) { #block_50f26263158046304c1b924a00c20d4b { padding-bottom: 12px;  }} @media (min-width: 992px) { #block_50f26263158046304c1b924a00c20d4b { padding-bottom: 16px;  }} @media (min-width: 1200px) { #block_50f26263158046304c1b924a00c20d4b { padding-bottom: 18px;  }} @media (min-width: 1500px) { #block_50f26263158046304c1b924a00c20d4b { padding-bottom: 20px;  }} <\/style>\n\n\n      <h2 id=\"block_44f70eef6c6057892c72507b8b110f34\" class=\"c-title c-title--xsmall text-header reset-typographytext-left l-block\" >\n  \n  \n\nInformations sur la source des images et des graphiques utilis\u00e9s\n\n<\/h2>\n\n\n      <div id=\"block_60fae42d06d4bed5ca0d7199df3fb4c8\" class=\"text-size-default text-base l-block\" >\n  \n  \n\n<p>AdobeStock<\/p>\n\n\n<\/div><style>#block_60fae42d06d4bed5ca0d7199df3fb4c8 { padding-bottom: 8px;  } @media (min-width: 768px) { #block_60fae42d06d4bed5ca0d7199df3fb4c8 { padding-bottom: 12px;  }} @media (min-width: 992px) { #block_60fae42d06d4bed5ca0d7199df3fb4c8 { padding-bottom: 16px;  }} @media (min-width: 1200px) { #block_60fae42d06d4bed5ca0d7199df3fb4c8 { padding-bottom: 18px;  }} @media (min-width: 1500px) { #block_60fae42d06d4bed5ca0d7199df3fb4c8 { padding-bottom: 20px;  }} <\/style>\n\n\n      <h2 id=\"block_05cff5269f9360525c6a3cfb9a63c731\" class=\"c-title c-title--xsmall text-header reset-typographytext-left l-block\" >\n  \n  \n\nPolices de caract\u00e8res utilis\u00e9es sur ce site\n\n<\/h2>\n\n\n      <div id=\"block_66efc4b09333744421e20e8b8ae28d9a\" class=\"text-size-default text-base l-block\" >\n  \n  \n\n<p>Googlefont <a href=\"https:\/\/fonts.google.com\/specimen\/Inter\"><strong>Inter<\/strong><\/a> &#8211; Designer: <strong>Rasmus Andersson<\/strong> (Principal design)<\/p>\n\n\n<\/div><style>#block_66efc4b09333744421e20e8b8ae28d9a { padding-bottom: 8px;  } @media (min-width: 768px) { #block_66efc4b09333744421e20e8b8ae28d9a { padding-bottom: 12px;  }} @media (min-width: 992px) { #block_66efc4b09333744421e20e8b8ae28d9a { padding-bottom: 16px;  }} @media (min-width: 1200px) { #block_66efc4b09333744421e20e8b8ae28d9a { padding-bottom: 18px;  }} @media (min-width: 1500px) { #block_66efc4b09333744421e20e8b8ae28d9a { padding-bottom: 20px;  }} <\/style><\/div><\/div>\n<\/div><\/div><\/div>\n","protected":false},"excerpt":{"rendered":"","protected":false},"author":1,"featured_media":0,"parent":0,"menu_order":0,"comment_status":"closed","ping_status":"closed","template":"","meta":{"_acf_changed":false,"footnotes":""},"class_list":["post-1728","page","type-page","status-publish",""],"acf":[],"yoast_head":"<!-- This site is optimized with the Yoast SEO plugin v27.2 - https:\/\/yoast.com\/product\/yoast-seo-wordpress\/ -->\n<title>Mentions l\u00e9gales \u2013 Site web EstroG-100\u00ae<\/title>\n<meta name=\"robots\" content=\"noindex, nofollow\" \/>\n<meta property=\"og:locale\" content=\"fr_FR\" \/>\n<meta property=\"og:type\" content=\"article\" \/>\n<meta property=\"og:title\" content=\"Mentions l\u00e9gales \u2013 Site web EstroG-100\u00ae\" \/>\n<meta property=\"og:url\" content=\"https:\/\/estrog100.com\/fr\/mentions-legales\" \/>\n<meta property=\"og:site_name\" content=\"EstroG-100\" \/>\n<meta property=\"article:modified_time\" content=\"2023-01-06T10:10:46+00:00\" \/>\n<meta property=\"og:image\" content=\"https:\/\/estrog100.com\/wp-content\/uploads\/2022\/07\/OG.png\" \/>\n\t<meta property=\"og:image:width\" content=\"1200\" \/>\n\t<meta property=\"og:image:height\" content=\"630\" \/>\n\t<meta property=\"og:image:type\" content=\"image\/png\" \/>\n<meta name=\"twitter:card\" content=\"summary_large_image\" \/>\n<script type=\"application\/ld+json\" class=\"yoast-schema-graph\">{\"@context\":\"https:\/\/schema.org\",\"@graph\":[{\"@type\":\"WebPage\",\"@id\":\"https:\/\/estrog100.com\/fr\/mentions-legales\",\"url\":\"https:\/\/estrog100.com\/fr\/mentions-legales\",\"name\":\"Mentions l\u00e9gales \u2013 Site web EstroG-100\u00ae\",\"isPartOf\":{\"@id\":\"https:\/\/estrog100.com\/fr#website\"},\"datePublished\":\"2022-06-14T14:13:02+00:00\",\"dateModified\":\"2023-01-06T10:10:46+00:00\",\"breadcrumb\":{\"@id\":\"https:\/\/estrog100.com\/fr\/mentions-legales#breadcrumb\"},\"inLanguage\":\"fr-FR\",\"potentialAction\":[{\"@type\":\"ReadAction\",\"target\":[\"https:\/\/estrog100.com\/fr\/mentions-legales\"]}]},{\"@type\":\"BreadcrumbList\",\"@id\":\"https:\/\/estrog100.com\/fr\/mentions-legales#breadcrumb\",\"itemListElement\":[{\"@type\":\"ListItem\",\"position\":1,\"name\":\"Home\",\"item\":\"https:\/\/estrog100.com\/fr\"},{\"@type\":\"ListItem\",\"position\":2,\"name\":\"Mentions l\u00e9gales\"}]},{\"@type\":\"WebSite\",\"@id\":\"https:\/\/estrog100.com\/fr#website\",\"url\":\"https:\/\/estrog100.com\/fr\",\"name\":\"EstroG-100\",\"description\":\"Natural menopause\",\"potentialAction\":[{\"@type\":\"SearchAction\",\"target\":{\"@type\":\"EntryPoint\",\"urlTemplate\":\"https:\/\/estrog100.com\/fr?s={search_term_string}\"},\"query-input\":{\"@type\":\"PropertyValueSpecification\",\"valueRequired\":true,\"valueName\":\"search_term_string\"}}],\"inLanguage\":\"fr-FR\"}]}<\/script>\n<!-- \/ Yoast SEO plugin. -->","yoast_head_json":{"title":"Mentions l\u00e9gales \u2013 Site web EstroG-100\u00ae","robots":{"index":"noindex","follow":"nofollow"},"og_locale":"fr_FR","og_type":"article","og_title":"Mentions l\u00e9gales \u2013 Site web EstroG-100\u00ae","og_url":"https:\/\/estrog100.com\/fr\/mentions-legales","og_site_name":"EstroG-100","article_modified_time":"2023-01-06T10:10:46+00:00","og_image":[{"width":1200,"height":630,"url":"https:\/\/estrog100.com\/wp-content\/uploads\/2022\/07\/OG.png","type":"image\/png"}],"twitter_card":"summary_large_image","schema":{"@context":"https:\/\/schema.org","@graph":[{"@type":"WebPage","@id":"https:\/\/estrog100.com\/fr\/mentions-legales","url":"https:\/\/estrog100.com\/fr\/mentions-legales","name":"Mentions l\u00e9gales \u2013 Site web EstroG-100\u00ae","isPartOf":{"@id":"https:\/\/estrog100.com\/fr#website"},"datePublished":"2022-06-14T14:13:02+00:00","dateModified":"2023-01-06T10:10:46+00:00","breadcrumb":{"@id":"https:\/\/estrog100.com\/fr\/mentions-legales#breadcrumb"},"inLanguage":"fr-FR","potentialAction":[{"@type":"ReadAction","target":["https:\/\/estrog100.com\/fr\/mentions-legales"]}]},{"@type":"BreadcrumbList","@id":"https:\/\/estrog100.com\/fr\/mentions-legales#breadcrumb","itemListElement":[{"@type":"ListItem","position":1,"name":"Home","item":"https:\/\/estrog100.com\/fr"},{"@type":"ListItem","position":2,"name":"Mentions l\u00e9gales"}]},{"@type":"WebSite","@id":"https:\/\/estrog100.com\/fr#website","url":"https:\/\/estrog100.com\/fr","name":"EstroG-100","description":"Natural menopause","potentialAction":[{"@type":"SearchAction","target":{"@type":"EntryPoint","urlTemplate":"https:\/\/estrog100.com\/fr?s={search_term_string}"},"query-input":{"@type":"PropertyValueSpecification","valueRequired":true,"valueName":"search_term_string"}}],"inLanguage":"fr-FR"}]}},"_links":{"self":[{"href":"https:\/\/estrog100.com\/fr\/wp-json\/wp\/v2\/pages\/1728","targetHints":{"allow":["GET"]}}],"collection":[{"href":"https:\/\/estrog100.com\/fr\/wp-json\/wp\/v2\/pages"}],"about":[{"href":"https:\/\/estrog100.com\/fr\/wp-json\/wp\/v2\/types\/page"}],"author":[{"embeddable":true,"href":"https:\/\/estrog100.com\/fr\/wp-json\/wp\/v2\/users\/1"}],"replies":[{"embeddable":true,"href":"https:\/\/estrog100.com\/fr\/wp-json\/wp\/v2\/comments?post=1728"}],"version-history":[{"count":19,"href":"https:\/\/estrog100.com\/fr\/wp-json\/wp\/v2\/pages\/1728\/revisions"}],"predecessor-version":[{"id":2022,"href":"https:\/\/estrog100.com\/fr\/wp-json\/wp\/v2\/pages\/1728\/revisions\/2022"}],"wp:attachment":[{"href":"https:\/\/estrog100.com\/fr\/wp-json\/wp\/v2\/media?parent=1728"}],"curies":[{"name":"wp","href":"https:\/\/api.w.org\/{rel}","templated":true}]}}