{"id":1724,"date":"2022-06-14T16:12:23","date_gmt":"2022-06-14T14:12:23","guid":{"rendered":"https:\/\/estrog100.com\/kontakt"},"modified":"2023-01-06T11:03:56","modified_gmt":"2023-01-06T10:03:56","slug":"contact","status":"publish","type":"page","link":"https:\/\/estrog100.com\/fr\/contact","title":{"rendered":"Contact"},"content":{"rendered":"\n      <div id=\"block_bd4dbcfc4ce0a072e45dc07b715a0f68\" class=\"block-contact-form-company-info relative alignfull  l-block\" >\n  \n  \n  <div class=\"l-wrap\">\n    <div class=\"sm:max-w-[53%] md:max-w-[51.1%] pt-20 lg:pt-46 pb-15 lg:pb-26 xl:pb-35\">\n      <!-- HTML Forms v1.6.4 - https:\/\/wordpress.org\/plugins\/html-forms\/ -->\n<form method=\"post\"  class=\"hf-form hf-form-1997 \" data-id=\"1997\" data-title=\"Contact (FR)\" data-slug=\"contact-fr\" data-message-success=\"Merci ! Nous vous contacterons bient\u00f4t.\" data-message-invalid-email=\"D\u00e9sol\u00e9, cette adresse e-mail semble invalide.\" data-message-required-field-missing=\"Veuillez remplir les champs obligatoires.\" data-message-error=\"Oups. Une erreur s&#039;est produite.\" data-message-recaptcha-failed=\"reCAPTCHA verification failed. Please try again.\" data-message-recaptcha-low-score=\"Your submission appears to be spam. Please try again.\"><input type=\"hidden\" name=\"_hf_form_id\" value=\"1997\" \/><div style=\"display: none;\"><input type=\"text\" name=\"_hf_h1997\" value=\"\" \/><\/div><div class=\"hf-fields-wrap\"><h2 class=\"c-title mb-2\">Contact<\/h2>\r\n<div class=\"text-12 mb-9 tracking-wider\">*Champs obligatoires<\/div>\r\n\r\n<div class=\"form-cols-alt\">\r\n  <div class=\"sm:pt-8\">\r\n    <label class=\"flex sm:inline-flex items-center mb-2 sm:mb-0 mr-5\">\r\n      <input type=\"radio\" name=\"GENDER\" value=\"MME\" checked> \r\n      <span class=\"text-13 font-bold uppercase pl-2 tracking-wider\">MME<\/span>\r\n    <\/label>\r\n    <label class=\"flex sm:inline-flex items-center mb-2 sm:mb-0 mr-5\">\r\n      <input type=\"radio\" name=\"GENDER\" value=\"MR\"> \r\n      <span class=\"text-13 font-bold uppercase pl-2 tracking-wider\">MR<\/span>\r\n    <\/label>\r\n    <label class=\"flex sm:inline-flex items-center mb-4 sm:mb-0\">\r\n      <input type=\"radio\" name=\"GENDER\" value=\"AUTRE\"> \r\n      <span class=\"text-13 font-bold uppercase pl-2 tracking-wider\">AUTRE<\/span>\r\n    <\/label>\r\n  <\/div>\r\n\r\n  <div>\r\n    <label class=\"top-label\" for=\"fachinformationen-ICH_BIN\">JE SUIS*<\/label>\r\n    <select name=\"ICH_BIN\" required=\"\" id=\"fachinformationen-ICH_BIN\"><option>M\u00e9decin<\/option><option>Pharmacien<\/option><option>Association de patients<\/option><option>Distributeur<\/option><option>Profession param\u00e9dicale<\/option><option>Autre<\/option><\/select>\r\n  <\/div>\r\n<\/div>\r\n\r\n<div class=\"form-cols\">\r\n  <div class=\"relative\">\r\n    <label class=\"top-label\" for=\"fachinformationen-VORNAME\">PR\u00c9NOM*<\/label>\r\n    <label class=\"in-label\" for=\"fachinformationen-VORNAME\">Pr\u00e9nom<\/label>\r\n    <input type=\"text\" name=\"VORNAME\" required=\"\" id=\"fachinformationen-VORNAME\">\r\n  <\/div>\r\n\r\n  <div class=\"relative\">\r\n    <label class=\"top-label\" for=\"fachinformationen-NACHNAME\">NOM*<\/label>\r\n    <label class=\"in-label\" for=\"fachinformationen-NACHNAME\">Nom<\/label>\r\n    <input type=\"text\" name=\"NACHNAME\" required=\"\" id=\"fachinformationen-NACHNAME\">\r\n  <\/div>\r\n<\/div>\r\n\r\n<div class=\"form-cols\">\r\n  <div class=\"relative\">\r\n    <label class=\"top-label\" for=\"fachinformationen-EMAIL\">EMAIL*<\/label>\r\n    <label class=\"in-label\" for=\"fachinformationen-EMAIL\">Email<\/label>\r\n    <input type=\"email\" name=\"EMAIL\" required=\"\" id=\"fachinformationen-EMAIL\">\r\n  <\/div>\r\n\r\n  <div class=\"relative\">\r\n    <label class=\"top-label\" for=\"fachinformationen-TELEFON\">T\u00c9L\u00c9PHONE<\/label>\r\n    <label class=\"in-label\" for=\"fachinformationen-TELEFON\">T\u00e9l\u00e9phone<\/label>\r\n    <input type=\"text\" name=\"TELEFON\" id=\"fachinformationen-TELEFON\">\r\n  <\/div>\r\n<\/div>\r\n\r\n<div class=\"form-cols\">\r\n  <div class=\"relative\">\r\n    <label class=\"top-label\" for=\"fachinformationen-STRASSE\">RUE<\/label>\r\n    <label class=\"in-label\" for=\"fachinformationen-STRASSE\">Num\u00e9ro de rue, Rue<\/label>\r\n    <input type=\"text\" name=\"STRASSE\" id=\"fachinformationen-STRASSE\">\r\n  <\/div>\r\n\r\n  <div class=\"relative\">\r\n    <label class=\"top-label\" for=\"fachinformationen-PLZ_ORT\">CODE POSTAL, VILLE<\/label>\r\n    <label class=\"in-label\" for=\"fachinformationen-PLZ_ORT\">Code postal, Ville<\/label>\r\n    <input type=\"text\" name=\"PLZ_ORT\" id=\"fachinformationen-PLZ_ORT\">\r\n  <\/div>\r\n<\/div>\r\n\r\n<div class=\"relative\">\r\n  <label class=\"top-label\" for=\"fachinformationen-IHRE_NACHRICHT\">VOTRE MESSAGE<\/label>\r\n  <label class=\"in-label in-label--for-textarea\" for=\"fachinformationen-IHRE_NACHRICHT\">Votre message<\/label>\r\n  <textarea name=\"IHRE_NACHRICHT\" id=\"fachinformationen-IHRE_NACHRICHT\"><\/textarea>\r\n<\/div>\r\n\r\n<div class=\"mt-7 lg:flex\">\r\n  <label class=\"text-12 flex mb-6 lg:mb-0\">\r\n    <span class=\"flex-none mt-1 mr-4 lg:mr-6\">\r\n      <input required=\"\" type=\"checkbox\" name=\"ACCEPTANCE[]\" value=\"Oui\"> \r\n    <\/span>\r\n\r\n    <span class=\"leading-1.8\">J&rsquo;accepte que les donn\u00e9es figurant dans ce formulaire de contact soient collect\u00e9es et trait\u00e9es afin de r\u00e9pondre \u00e0 ma demande. Ces donn\u00e9es seront supprim\u00e9es apr\u00e8s le traitement de votre demande. NB : Vous pouvez r\u00e9voquer votre consentement \u00e0 tout moment en envoyant un courriel \u00e0 <a href=\"mailto:info@estrog100.com\">info@estrog100.com<\/a>. Vous trouverez des informations d\u00e9taill\u00e9es sur le traitement des donn\u00e9es des utilisateurs dans notre <a href=\"https:\/\/estrog100.com\/fr\/politique-de-confidentialite\">politique de confidentialit\u00e9<\/a>.<\/span>\r\n  <\/label>\r\n  <div class=\"flex justify-center lg:block flex-none lg:ml-10\">\r\n    \t\t<input\n\t\t\t\ttype=\"hidden\"\n\t\t\t\tclass=\"hcaptcha-widget-id\"\n\t\t\t\tname=\"hcaptcha-widget-id\"\n\t\t\t\tvalue=\"eyJzb3VyY2UiOltdLCJmb3JtX2lkIjowfQ==-59551e54e761194a06439b5c3e7ad50b\">\n\t\t\t\t<h-captcha\n\t\t\tclass=\"h-captcha\"\n\t\t\tdata-sitekey=\"bb1ba01a-2dd8-4f8a-8a28-35d8984b5a76\"\n\t\t\tdata-theme=\"light\"\n\t\t\tdata-size=\"invisible\"\n\t\t\tdata-auto=\"false\"\n\t\t\tdata-ajax=\"false\"\n\t\t\tdata-force=\"false\">\n\t\t<\/h-captcha>\n\t\t<input type=\"hidden\" id=\"hcaptcha_nonce\" name=\"hcaptcha_nonce\" value=\"1b3bb3d72e\" \/><input type=\"hidden\" name=\"_wp_http_referer\" value=\"\/fr\/wp-json\/wp\/v2\/pages\/1724\" \/><button class=\"c-btn c-btn--in-form mt-1\" type=\"submit\">ENVOYER<\/button>\r\n  <\/div>\r\n<\/div> <noscript>Please enable JavaScript for this form to work.<\/noscript><\/div><\/form><!-- \/ HTML Forms -->    <\/div>\n  <\/div>\n\n<div>\n<div class=\"overflow-hidden sm:absolute sm:right-0 sm:top-0 sm:w-[43.3%] sm:h-full bg-beige sm:flex sm:flex-col\">\n    <div class=\"py-10 sm:pt-30 lg:pt-[262px] sm:pb-14 lg:pb-17 px-4 sm:px-6 lg:pl-19 text-19 max-w-[589px]\">\n      <div class=\"leading-1.4 mb-[26px]\">\n        <strong>PhytoLife Pharma GmbH<\/strong><br>\n        Winsstra\u00dfe 59<br>\n        10405 Berlin      <\/div>\n        <div class=\"flex py-6 border-t border-border-default\">\n        <div class=\"pt-1 w-11\">\n          <svg xmlns=\"http:\/\/www.w3.org\/2000\/svg\" width=\"28.426\" height=\"20.554\" viewBox=\"0 0 28.426 20.554\"><path data-name=\"Subtraction 5\" d=\"M25.6 20.054H2.787A2.344 2.344 0 01.5 17.723V2.828A2.341 2.341 0 012.781.5h22.866a2.341 2.341 0 012.28 2.328v14.895a2.342 2.342 0 01-2.28 2.33H25.6zm-15.332-8.938h0L2.04 18.451a1.063 1.063 0 00.562.325H25.6a1.071 1.071 0 00.785-.348l-8.225-7.336-3.528 3.145a.626.626 0 01-.835 0l-3.529-3.121zm16.4-7.592h0L19.1 10.276l7.572 6.753V3.524zm-24.919 0v13.5l7.577-6.748zm.938-1.763h0a1.062 1.062 0 00-.426.151 1.1 1.1 0 00-.221.188l12.174 10.853L26.384 2.1a1.075 1.075 0 00-.785-.348H2.693z\" fill=\"#707070\" stroke=\"rgba(0,0,0,0)\" stroke-miterlimit=\"10\"\/><\/svg>        <\/div>\n        <div>\n          <div>\n            <a class=\"font-semibold no-underline text-base-txt leading-1\" href=\"mailto:info@estrog100.com\">info@estrog100.com<\/a>\n          <\/div>\n        <\/div>\n      <\/div>\n    <\/div>\n    <div class=\"relative h-full\">\n      <noscript><img decoding=\"async\" width=\"1856\" height=\"1078\" src=\"https:\/\/estrog100.com\/wp-content\/uploads\/2022\/06\/background.jpg\" class=\"h-full object-cover w-full h-full absolute left-0 top-0 z-10\" alt srcset=\"https:\/\/estrog100.com\/wp-content\/uploads\/2022\/06\/background.jpg 1856w, https:\/\/estrog100.com\/wp-content\/uploads\/2022\/06\/background-300x174.jpg 300w, https:\/\/estrog100.com\/wp-content\/uploads\/2022\/06\/background-1024x595.jpg 1024w, https:\/\/estrog100.com\/wp-content\/uploads\/2022\/06\/background-768x446.jpg 768w, https:\/\/estrog100.com\/wp-content\/uploads\/2022\/06\/background-1536x892.jpg 1536w\" sizes=\"(max-width: 1856px) 100vw, 1856px\"><\/noscript><img decoding=\"async\" width=\"1856\" height=\"1078\" src=\"data:image\/svg+xml,%3Csvg%20xmlns%3D%22http%3A%2F%2Fwww.w3.org%2F2000%2Fsvg%22%20viewBox%3D%220%200%201856%201078%22%3E%3C%2Fsvg%3E\" class=\"h-full object-cover w-full h-full absolute left-0 top-0 z-10 lazyload\" alt srcset=\"data:image\/svg+xml,%3Csvg%20xmlns%3D%22http%3A%2F%2Fwww.w3.org%2F2000%2Fsvg%22%20viewBox%3D%220%200%201856%201078%22%3E%3C%2Fsvg%3E 1856w\" sizes=\"(max-width: 1856px) 100vw, 1856px\" data-srcset=\"https:\/\/estrog100.com\/wp-content\/uploads\/2022\/06\/background.jpg 1856w, https:\/\/estrog100.com\/wp-content\/uploads\/2022\/06\/background-300x174.jpg 300w, https:\/\/estrog100.com\/wp-content\/uploads\/2022\/06\/background-1024x595.jpg 1024w, https:\/\/estrog100.com\/wp-content\/uploads\/2022\/06\/background-768x446.jpg 768w, https:\/\/estrog100.com\/wp-content\/uploads\/2022\/06\/background-1536x892.jpg 1536w\" data-src=\"https:\/\/estrog100.com\/wp-content\/uploads\/2022\/06\/background.jpg\">      <div class=\"brand-overlay\"><\/div>\n      <div class=\"relative z-20 px-4 py-16 sm:px-6 lg:px-21 lg:pt-24 lg:pb-30\">\n        <div class=\"flex flex-wrap items-center\">\n          \n                          <div class=\"flex flex-wrap items-center \">\n                              <div class=\"mb-5 mr-5\">\n                  <noscript><img decoding=\"async\" width=\"154\" height=\"154\" src=\"https:\/\/estrog100.com\/wp-content\/uploads\/2022\/06\/logo-1.png\" class=\"max-h-[110px] xl:max-h-[154px] w-auto\" alt srcset=\"https:\/\/estrog100.com\/wp-content\/uploads\/2022\/06\/logo-1.png 154w, https:\/\/estrog100.com\/wp-content\/uploads\/2022\/06\/logo-1-150x150.png 150w\" sizes=\"(max-width: 154px) 100vw, 154px\"><\/noscript><img decoding=\"async\" width=\"154\" height=\"154\" src=\"data:image\/svg+xml,%3Csvg%20xmlns%3D%22http%3A%2F%2Fwww.w3.org%2F2000%2Fsvg%22%20viewBox%3D%220%200%20154%20154%22%3E%3C%2Fsvg%3E\" class=\"max-h-[110px] xl:max-h-[154px] w-auto lazyload\" alt srcset=\"data:image\/svg+xml,%3Csvg%20xmlns%3D%22http%3A%2F%2Fwww.w3.org%2F2000%2Fsvg%22%20viewBox%3D%220%200%20154%20154%22%3E%3C%2Fsvg%3E 154w\" sizes=\"(max-width: 154px) 100vw, 154px\" data-srcset=\"https:\/\/estrog100.com\/wp-content\/uploads\/2022\/06\/logo-1.png 154w, https:\/\/estrog100.com\/wp-content\/uploads\/2022\/06\/logo-1-150x150.png 150w\" data-src=\"https:\/\/estrog100.com\/wp-content\/uploads\/2022\/06\/logo-1.png\">  \n                <\/div>\n                  \n                              <div class=\"mb-5 mr-5\">\n                  <noscript><img decoding=\"async\" width=\"591\" height=\"355\" src=\"https:\/\/estrog100.com\/wp-content\/uploads\/2023\/01\/fem-self-care_logo-multicolor-01-01-4.jpg\" class=\"max-h-[110px] xl:max-h-[154px] w-auto\" alt srcset=\"https:\/\/estrog100.com\/wp-content\/uploads\/2023\/01\/fem-self-care_logo-multicolor-01-01-4.jpg 591w, https:\/\/estrog100.com\/wp-content\/uploads\/2023\/01\/fem-self-care_logo-multicolor-01-01-4-300x180.jpg 300w\" sizes=\"(max-width: 591px) 100vw, 591px\"><\/noscript><img decoding=\"async\" width=\"591\" height=\"355\" src=\"data:image\/svg+xml,%3Csvg%20xmlns%3D%22http%3A%2F%2Fwww.w3.org%2F2000%2Fsvg%22%20viewBox%3D%220%200%20591%20355%22%3E%3C%2Fsvg%3E\" class=\"max-h-[110px] xl:max-h-[154px] w-auto lazyload\" alt srcset=\"data:image\/svg+xml,%3Csvg%20xmlns%3D%22http%3A%2F%2Fwww.w3.org%2F2000%2Fsvg%22%20viewBox%3D%220%200%20591%20355%22%3E%3C%2Fsvg%3E 591w\" sizes=\"(max-width: 591px) 100vw, 591px\" data-srcset=\"https:\/\/estrog100.com\/wp-content\/uploads\/2023\/01\/fem-self-care_logo-multicolor-01-01-4.jpg 591w, https:\/\/estrog100.com\/wp-content\/uploads\/2023\/01\/fem-self-care_logo-multicolor-01-01-4-300x180.jpg 300w\" data-src=\"https:\/\/estrog100.com\/wp-content\/uploads\/2023\/01\/fem-self-care_logo-multicolor-01-01-4.jpg\">  \n                <\/div>\n                  \n                              <div class=\"mb-5 mr-5\">\n                  <noscript><img decoding=\"async\" width=\"319\" height=\"85\" src=\"https:\/\/estrog100.com\/wp-content\/uploads\/2022\/06\/logo-2.svg\" class=\"max-h-[110px] xl:max-h-[154px] w-auto\" alt><\/noscript><img decoding=\"async\" width=\"319\" height=\"85\" src=\"data:image\/svg+xml,%3Csvg%20xmlns%3D%22http%3A%2F%2Fwww.w3.org%2F2000%2Fsvg%22%20viewBox%3D%220%200%20319%2085%22%3E%3C%2Fsvg%3E\" class=\"max-h-[110px] xl:max-h-[154px] w-auto lazyload\" alt data-src=\"https:\/\/estrog100.com\/wp-content\/uploads\/2022\/06\/logo-2.svg\">  \n                <\/div>\n                  \n                            <\/div>\n                    <\/div>\n      <\/div>\n    <\/div>\n  <\/div>\n<\/div>\n\n<\/div>","protected":false},"excerpt":{"rendered":"","protected":false},"author":1,"featured_media":0,"parent":0,"menu_order":0,"comment_status":"closed","ping_status":"closed","template":"","meta":{"_acf_changed":false,"footnotes":""},"class_list":["post-1724","page","type-page","status-publish",""],"acf":[],"yoast_head":"<!-- This site is optimized with the Yoast SEO plugin v27.2 - https:\/\/yoast.com\/product\/yoast-seo-wordpress\/ -->\n<title>Contact - EstroG-100\u00ae<\/title>\n<meta name=\"description\" content=\"Vous trouverez ici nos coordonn\u00e9es : Adresse postale, e-mail, t\u00e9l\u00e9phone. Vous pouvez \u00e9galement utiliser le formulaire de contact.\" \/>\n<meta name=\"robots\" content=\"index, follow, max-snippet:-1, max-image-preview:large, max-video-preview:-1\" \/>\n<link rel=\"canonical\" href=\"https:\/\/estrog100.com\/fr\/contact\" \/>\n<meta property=\"og:locale\" content=\"fr_FR\" \/>\n<meta property=\"og:type\" content=\"article\" \/>\n<meta property=\"og:title\" content=\"Contact - EstroG-100\u00ae\" \/>\n<meta property=\"og:description\" content=\"Vous trouverez ici nos coordonn\u00e9es : Adresse postale, e-mail, t\u00e9l\u00e9phone. Vous pouvez \u00e9galement utiliser le formulaire de contact.\" \/>\n<meta property=\"og:url\" content=\"https:\/\/estrog100.com\/fr\/contact\" \/>\n<meta property=\"og:site_name\" content=\"EstroG-100\" \/>\n<meta property=\"article:modified_time\" content=\"2023-01-06T10:03:56+00:00\" \/>\n<meta property=\"og:image\" content=\"https:\/\/estrog100.com\/wp-content\/uploads\/2022\/07\/OG.png\" \/>\n\t<meta property=\"og:image:width\" content=\"1200\" \/>\n\t<meta property=\"og:image:height\" content=\"630\" \/>\n\t<meta property=\"og:image:type\" content=\"image\/png\" \/>\n<meta name=\"twitter:card\" content=\"summary_large_image\" \/>\n<script type=\"application\/ld+json\" class=\"yoast-schema-graph\">{\"@context\":\"https:\/\/schema.org\",\"@graph\":[{\"@type\":\"WebPage\",\"@id\":\"https:\/\/estrog100.com\/fr\/contact\",\"url\":\"https:\/\/estrog100.com\/fr\/contact\",\"name\":\"Contact - EstroG-100\u00ae\",\"isPartOf\":{\"@id\":\"https:\/\/estrog100.com\/fr#website\"},\"datePublished\":\"2022-06-14T14:12:23+00:00\",\"dateModified\":\"2023-01-06T10:03:56+00:00\",\"description\":\"Vous trouverez ici nos coordonn\u00e9es : Adresse postale, e-mail, t\u00e9l\u00e9phone. Vous pouvez \u00e9galement utiliser le formulaire de contact.\",\"breadcrumb\":{\"@id\":\"https:\/\/estrog100.com\/fr\/contact#breadcrumb\"},\"inLanguage\":\"fr-FR\",\"potentialAction\":[{\"@type\":\"ReadAction\",\"target\":[\"https:\/\/estrog100.com\/fr\/contact\"]}]},{\"@type\":\"BreadcrumbList\",\"@id\":\"https:\/\/estrog100.com\/fr\/contact#breadcrumb\",\"itemListElement\":[{\"@type\":\"ListItem\",\"position\":1,\"name\":\"Home\",\"item\":\"https:\/\/estrog100.com\/fr\"},{\"@type\":\"ListItem\",\"position\":2,\"name\":\"Contact\"}]},{\"@type\":\"WebSite\",\"@id\":\"https:\/\/estrog100.com\/fr#website\",\"url\":\"https:\/\/estrog100.com\/fr\",\"name\":\"EstroG-100\",\"description\":\"Natural menopause\",\"potentialAction\":[{\"@type\":\"SearchAction\",\"target\":{\"@type\":\"EntryPoint\",\"urlTemplate\":\"https:\/\/estrog100.com\/fr?s={search_term_string}\"},\"query-input\":{\"@type\":\"PropertyValueSpecification\",\"valueRequired\":true,\"valueName\":\"search_term_string\"}}],\"inLanguage\":\"fr-FR\"}]}<\/script>\n<!-- \/ Yoast SEO plugin. -->","yoast_head_json":{"title":"Contact - EstroG-100\u00ae","description":"Vous trouverez ici nos coordonn\u00e9es : Adresse postale, e-mail, t\u00e9l\u00e9phone. Vous pouvez \u00e9galement utiliser le formulaire de contact.","robots":{"index":"index","follow":"follow","max-snippet":"max-snippet:-1","max-image-preview":"max-image-preview:large","max-video-preview":"max-video-preview:-1"},"canonical":"https:\/\/estrog100.com\/fr\/contact","og_locale":"fr_FR","og_type":"article","og_title":"Contact - EstroG-100\u00ae","og_description":"Vous trouverez ici nos coordonn\u00e9es : Adresse postale, e-mail, t\u00e9l\u00e9phone. Vous pouvez \u00e9galement utiliser le formulaire de contact.","og_url":"https:\/\/estrog100.com\/fr\/contact","og_site_name":"EstroG-100","article_modified_time":"2023-01-06T10:03:56+00:00","og_image":[{"width":1200,"height":630,"url":"https:\/\/estrog100.com\/wp-content\/uploads\/2022\/07\/OG.png","type":"image\/png"}],"twitter_card":"summary_large_image","schema":{"@context":"https:\/\/schema.org","@graph":[{"@type":"WebPage","@id":"https:\/\/estrog100.com\/fr\/contact","url":"https:\/\/estrog100.com\/fr\/contact","name":"Contact - EstroG-100\u00ae","isPartOf":{"@id":"https:\/\/estrog100.com\/fr#website"},"datePublished":"2022-06-14T14:12:23+00:00","dateModified":"2023-01-06T10:03:56+00:00","description":"Vous trouverez ici nos coordonn\u00e9es : Adresse postale, e-mail, t\u00e9l\u00e9phone. Vous pouvez \u00e9galement utiliser le formulaire de contact.","breadcrumb":{"@id":"https:\/\/estrog100.com\/fr\/contact#breadcrumb"},"inLanguage":"fr-FR","potentialAction":[{"@type":"ReadAction","target":["https:\/\/estrog100.com\/fr\/contact"]}]},{"@type":"BreadcrumbList","@id":"https:\/\/estrog100.com\/fr\/contact#breadcrumb","itemListElement":[{"@type":"ListItem","position":1,"name":"Home","item":"https:\/\/estrog100.com\/fr"},{"@type":"ListItem","position":2,"name":"Contact"}]},{"@type":"WebSite","@id":"https:\/\/estrog100.com\/fr#website","url":"https:\/\/estrog100.com\/fr","name":"EstroG-100","description":"Natural menopause","potentialAction":[{"@type":"SearchAction","target":{"@type":"EntryPoint","urlTemplate":"https:\/\/estrog100.com\/fr?s={search_term_string}"},"query-input":{"@type":"PropertyValueSpecification","valueRequired":true,"valueName":"search_term_string"}}],"inLanguage":"fr-FR"}]}},"_links":{"self":[{"href":"https:\/\/estrog100.com\/fr\/wp-json\/wp\/v2\/pages\/1724","targetHints":{"allow":["GET"]}}],"collection":[{"href":"https:\/\/estrog100.com\/fr\/wp-json\/wp\/v2\/pages"}],"about":[{"href":"https:\/\/estrog100.com\/fr\/wp-json\/wp\/v2\/types\/page"}],"author":[{"embeddable":true,"href":"https:\/\/estrog100.com\/fr\/wp-json\/wp\/v2\/users\/1"}],"replies":[{"embeddable":true,"href":"https:\/\/estrog100.com\/fr\/wp-json\/wp\/v2\/comments?post=1724"}],"version-history":[{"count":4,"href":"https:\/\/estrog100.com\/fr\/wp-json\/wp\/v2\/pages\/1724\/revisions"}],"predecessor-version":[{"id":1999,"href":"https:\/\/estrog100.com\/fr\/wp-json\/wp\/v2\/pages\/1724\/revisions\/1999"}],"wp:attachment":[{"href":"https:\/\/estrog100.com\/fr\/wp-json\/wp\/v2\/media?parent=1724"}],"curies":[{"name":"wp","href":"https:\/\/api.w.org\/{rel}","templated":true}]}}